{"id":25,"date":"2024-05-28T09:59:45","date_gmt":"2024-05-28T07:59:45","guid":{"rendered":"https:\/\/spence.academy\/?page_id=25"},"modified":"2024-11-29T15:47:46","modified_gmt":"2024-11-29T14:47:46","slug":"impressum","status":"publish","type":"page","link":"https:\/\/spence.academy\/en\/impressum\/","title":{"rendered":"Impressum"},"content":{"rendered":"<div data-elementor-type=\"wp-page\" data-elementor-id=\"25\" class=\"elementor elementor-25\" data-elementor-post-type=\"page\">\n\t\t\t\t<div class=\"elementor-element elementor-element-7b3d92c2 e-flex e-con-boxed e-con e-parent\" data-id=\"7b3d92c2\" data-element_type=\"container\" data-settings=\"{&quot;jet_parallax_layout_list&quot;:[]}\">\n\t\t\t\t\t<div class=\"e-con-inner\">\n\t\t<div class=\"elementor-element elementor-element-293a8d49 e-con-full e-flex e-con e-child\" data-id=\"293a8d49\" data-element_type=\"container\" data-settings=\"{&quot;background_background&quot;:&quot;classic&quot;,&quot;jet_parallax_layout_list&quot;:[]}\">\n\t\t\t\t<div class=\"elementor-element elementor-element-234ba1b8 elementor-widget elementor-widget-heading\" data-id=\"234ba1b8\" data-element_type=\"widget\" data-widget_type=\"heading.default\">\n\t\t\t\t<div class=\"elementor-widget-container\">\n\t\t\t<h1 class=\"elementor-heading-title elementor-size-default\">Impressum<\/h1>\t\t<\/div>\n\t\t\t\t<\/div>\n\t\t\t\t<div class=\"elementor-element elementor-element-31b88c5f elementor-widget elementor-widget-text-editor\" data-id=\"31b88c5f\" data-element_type=\"widget\" data-widget_type=\"text-editor.default\">\n\t\t\t\t<div class=\"elementor-widget-container\">\n\t\t\t\t\t\t\t<p>Verantwortung f\u00fcr die Bearbeitung von Personendaten:<\/p><p><b>Rob Spence<\/b><b><br \/><\/b><span style=\"font-weight: 400;\">Gimenenstrasse 4<\/span><span style=\"font-weight: 400;\"><br \/><\/span><span style=\"font-weight: 400;\">6300 Zug<\/span><span style=\"font-weight: 400;\"><br \/><\/span><span style=\"font-weight: 400;\">Schweiz<\/span><\/p><p><a href=\"mailto:robspencecomedy@gmail.com\"><span style=\"font-weight: 400;\">robspencecomedy@gmail.com<\/span><\/a><\/p><h2>Urheberrechtshinweis<\/h2><p>Alle Inhalte dieser Website, einschliesslich Bilder, Grafiken und Texte, sind urheberrechtlich gesch\u00fctzt. Die Vervielf\u00e4ltigung, Bearbeitung, Verbreitung und jede andere Art der Verwertung ausserhalb der Grenzen des Urheberrechts bed\u00fcrfen der vorherigen schriftlichen Zustimmung von Rob Spence. Unberechtigte Nutzungen k\u00f6nnen rechtliche Konsequenzen nach sich ziehen.<\/p>\t\t\t\t\t\t<\/div>\n\t\t\t\t<\/div>\n\t\t\t\t<\/div>\n\t\t\t\t\t<\/div>\n\t\t\t\t<\/div>\n\t\t\t\t<\/div>","protected":false},"excerpt":{"rendered":"<p>Impressum Verantwortung f\u00fcr die Bearbeitung von Personendaten: Rob SpenceGimenenstrasse 46300 ZugSchweiz robspencecomedy@gmail.com Urheberrechtshinweis Alle Inhalte dieser Website, einschliesslich Bilder, Grafiken und Texte, sind urheberrechtlich gesch\u00fctzt. Die Vervielf\u00e4ltigung, Bearbeitung, Verbreitung und jede andere Art der Verwertung ausserhalb der Grenzen des Urheberrechts bed\u00fcrfen der vorherigen schriftlichen Zustimmung von Rob Spence. Unberechtigte Nutzungen k\u00f6nnen rechtliche Konsequenzen nach sich [&hellip;]<\/p>","protected":false},"author":1,"featured_media":0,"parent":0,"menu_order":0,"comment_status":"closed","ping_status":"closed","template":"","meta":{"footnotes":""},"class_list":["post-25","page","type-page","status-publish","hentry"],"yoast_head":"<!-- This site is optimized with the Yoast SEO plugin v23.9 - https:\/\/yoast.com\/wordpress\/plugins\/seo\/ -->\n<title>Impressum - Spence Academy<\/title>\n<meta name=\"robots\" content=\"index, follow, max-snippet:-1, max-image-preview:large, max-video-preview:-1\" \/>\n<link rel=\"canonical\" href=\"https:\/\/spence.academy\/en\/impressum\/\" \/>\n<meta property=\"og:locale\" content=\"en_GB\" \/>\n<meta property=\"og:type\" content=\"article\" \/>\n<meta property=\"og:title\" content=\"Impressum - Spence Academy\" \/>\n<meta property=\"og:description\" content=\"Impressum Verantwortung f\u00fcr die Bearbeitung von Personendaten: Rob SpenceGimenenstrasse 46300 ZugSchweiz robspencecomedy@gmail.com Urheberrechtshinweis Alle Inhalte dieser Website, einschliesslich Bilder, Grafiken und Texte, sind urheberrechtlich gesch\u00fctzt. Die Vervielf\u00e4ltigung, Bearbeitung, Verbreitung und jede andere Art der Verwertung ausserhalb der Grenzen des Urheberrechts bed\u00fcrfen der vorherigen schriftlichen Zustimmung von Rob Spence. Unberechtigte Nutzungen k\u00f6nnen rechtliche Konsequenzen nach sich [&hellip;]\" \/>\n<meta property=\"og:url\" content=\"https:\/\/spence.academy\/en\/impressum\/\" \/>\n<meta property=\"og:site_name\" content=\"Spence Academy\" \/>\n<meta property=\"article:modified_time\" content=\"2024-11-29T14:47:46+00:00\" \/>\n<meta name=\"twitter:card\" content=\"summary_large_image\" \/>\n<meta name=\"twitter:label1\" content=\"Estimated reading time\" \/>\n\t<meta name=\"twitter:data1\" content=\"1 minute\" \/>\n<script type=\"application\/ld+json\" class=\"yoast-schema-graph\">{\"@context\":\"https:\/\/schema.org\",\"@graph\":[{\"@type\":\"WebPage\",\"@id\":\"https:\/\/spence.academy\/impressum\/\",\"url\":\"https:\/\/spence.academy\/impressum\/\",\"name\":\"Impressum - Spence Academy\",\"isPartOf\":{\"@id\":\"https:\/\/spence.academy\/#website\"},\"datePublished\":\"2024-05-28T07:59:45+00:00\",\"dateModified\":\"2024-11-29T14:47:46+00:00\",\"breadcrumb\":{\"@id\":\"https:\/\/spence.academy\/impressum\/#breadcrumb\"},\"inLanguage\":\"en-GB\",\"potentialAction\":[{\"@type\":\"ReadAction\",\"target\":[\"https:\/\/spence.academy\/impressum\/\"]}]},{\"@type\":\"BreadcrumbList\",\"@id\":\"https:\/\/spence.academy\/impressum\/#breadcrumb\",\"itemListElement\":[{\"@type\":\"ListItem\",\"position\":1,\"name\":\"Startseite\",\"item\":\"https:\/\/spence.academy\/\"},{\"@type\":\"ListItem\",\"position\":2,\"name\":\"Impressum\"}]},{\"@type\":\"WebSite\",\"@id\":\"https:\/\/spence.academy\/#website\",\"url\":\"https:\/\/spence.academy\/\",\"name\":\"Spence Academy\",\"description\":\"\",\"potentialAction\":[{\"@type\":\"SearchAction\",\"target\":{\"@type\":\"EntryPoint\",\"urlTemplate\":\"https:\/\/spence.academy\/?s={search_term_string}\"},\"query-input\":{\"@type\":\"PropertyValueSpecification\",\"valueRequired\":true,\"valueName\":\"search_term_string\"}}],\"inLanguage\":\"en-GB\"}]}<\/script>\n<!-- \/ Yoast SEO plugin. -->","yoast_head_json":{"title":"Impressum - Spence Academy","robots":{"index":"index","follow":"follow","max-snippet":"max-snippet:-1","max-image-preview":"max-image-preview:large","max-video-preview":"max-video-preview:-1"},"canonical":"https:\/\/spence.academy\/en\/impressum\/","og_locale":"en_GB","og_type":"article","og_title":"Impressum - Spence Academy","og_description":"Impressum Verantwortung f\u00fcr die Bearbeitung von Personendaten: Rob SpenceGimenenstrasse 46300 ZugSchweiz robspencecomedy@gmail.com Urheberrechtshinweis Alle Inhalte dieser Website, einschliesslich Bilder, Grafiken und Texte, sind urheberrechtlich gesch\u00fctzt. Die Vervielf\u00e4ltigung, Bearbeitung, Verbreitung und jede andere Art der Verwertung ausserhalb der Grenzen des Urheberrechts bed\u00fcrfen der vorherigen schriftlichen Zustimmung von Rob Spence. Unberechtigte Nutzungen k\u00f6nnen rechtliche Konsequenzen nach sich [&hellip;]","og_url":"https:\/\/spence.academy\/en\/impressum\/","og_site_name":"Spence Academy","article_modified_time":"2024-11-29T14:47:46+00:00","twitter_card":"summary_large_image","twitter_misc":{"Estimated reading time":"1 minute"},"schema":{"@context":"https:\/\/schema.org","@graph":[{"@type":"WebPage","@id":"https:\/\/spence.academy\/impressum\/","url":"https:\/\/spence.academy\/impressum\/","name":"Impressum - Spence Academy","isPartOf":{"@id":"https:\/\/spence.academy\/#website"},"datePublished":"2024-05-28T07:59:45+00:00","dateModified":"2024-11-29T14:47:46+00:00","breadcrumb":{"@id":"https:\/\/spence.academy\/impressum\/#breadcrumb"},"inLanguage":"en-GB","potentialAction":[{"@type":"ReadAction","target":["https:\/\/spence.academy\/impressum\/"]}]},{"@type":"BreadcrumbList","@id":"https:\/\/spence.academy\/impressum\/#breadcrumb","itemListElement":[{"@type":"ListItem","position":1,"name":"Startseite","item":"https:\/\/spence.academy\/"},{"@type":"ListItem","position":2,"name":"Impressum"}]},{"@type":"WebSite","@id":"https:\/\/spence.academy\/#website","url":"https:\/\/spence.academy\/","name":"Spence Academy","description":"","potentialAction":[{"@type":"SearchAction","target":{"@type":"EntryPoint","urlTemplate":"https:\/\/spence.academy\/?s={search_term_string}"},"query-input":{"@type":"PropertyValueSpecification","valueRequired":true,"valueName":"search_term_string"}}],"inLanguage":"en-GB"}]}},"rttpg_featured_image_url":null,"rttpg_author":{"display_name":"hellosandro2015","author_link":"https:\/\/spence.academy\/en\/author\/hellosandro2015\/"},"rttpg_comment":0,"rttpg_category":null,"rttpg_excerpt":"Impressum Verantwortung f\u00fcr die Bearbeitung von Personendaten: Rob SpenceGimenenstrasse 46300 ZugSchweiz robspencecomedy@gmail.com Urheberrechtshinweis Alle Inhalte dieser Website, einschliesslich Bilder, Grafiken und Texte, sind urheberrechtlich gesch\u00fctzt. Die Vervielf\u00e4ltigung, Bearbeitung, Verbreitung und jede andere Art der Verwertung ausserhalb der Grenzen des Urheberrechts bed\u00fcrfen der vorherigen schriftlichen Zustimmung von Rob Spence. Unberechtigte Nutzungen k\u00f6nnen rechtliche Konsequenzen nach sich&hellip;","_links":{"self":[{"href":"https:\/\/spence.academy\/en\/wp-json\/wp\/v2\/pages\/25","targetHints":{"allow":["GET"]}}],"collection":[{"href":"https:\/\/spence.academy\/en\/wp-json\/wp\/v2\/pages"}],"about":[{"href":"https:\/\/spence.academy\/en\/wp-json\/wp\/v2\/types\/page"}],"author":[{"embeddable":true,"href":"https:\/\/spence.academy\/en\/wp-json\/wp\/v2\/users\/1"}],"replies":[{"embeddable":true,"href":"https:\/\/spence.academy\/en\/wp-json\/wp\/v2\/comments?post=25"}],"version-history":[{"count":10,"href":"https:\/\/spence.academy\/en\/wp-json\/wp\/v2\/pages\/25\/revisions"}],"predecessor-version":[{"id":2322,"href":"https:\/\/spence.academy\/en\/wp-json\/wp\/v2\/pages\/25\/revisions\/2322"}],"wp:attachment":[{"href":"https:\/\/spence.academy\/en\/wp-json\/wp\/v2\/media?parent=25"}],"curies":[{"name":"wp","href":"https:\/\/api.w.org\/{rel}","templated":true}]}}